{"id":18,"date":"2020-03-12T09:40:53","date_gmt":"2020-03-12T08:40:53","guid":{"rendered":"https:\/\/deinepost.ch\/?page_id=18"},"modified":"2020-07-28T18:08:01","modified_gmt":"2020-07-28T16:08:01","slug":"home","status":"publish","type":"page","link":"https:\/\/www.deinepost.ch\/","title":{"rendered":"Wir machen Briefe senden einfach"},"content":{"rendered":"<p>[vc_row full_width=&#8220;stretch_row&#8220; content_placement=&#8220;bottom&#8220; css=&#8220;.vc_custom_1595940999717{background-image: url(https:\/\/deinepost.ch\/wp-content\/uploads\/2020\/07\/mailbox-1819966_1920.jpg?id=45) !important;background-position: center !important;background-repeat: no-repeat !important;background-size: cover !important;}&#8220;][vc_column][vc_empty_space height=&#8220;150px&#8220;][\/vc_column][\/vc_row][vc_row][vc_column][vc_column_text]<\/p>\n<h1 style=\"text-align: left;\">Wir machen Brief senden einfach ab 29.90 CHF<small>Wir \u00fcbernehmen die Kosten f\u00fcr Papier, Ausdruck, Couvert, eingeschriebene Post sowie Logistik.<\/small><\/h1>\n<p>[\/vc_column_text][\/vc_column][\/vc_row][vc_row][vc_column][vc_masonry_grid post_type=&#8220;musterbriefe&#8220; max_items=&#8220;-1&#8243; show_filter=&#8220;yes&#8220; element_width=&#8220;3&#8243; gap=&#8220;5&#8243; filter_style=&#8220;filled&#8220; filter_color=&#8220;green&#8220; item=&#8220;146&#8243; grid_id=&#8220;vc_gid:1595951818585-9084372c-252f-6&#8243; filter_source=&#8220;musterbriefe-kategorien&#8220;][\/vc_column][\/vc_row][vc_row equal_height=&#8220;yes&#8220; el_class=&#8220;product-list&#8220;][vc_column width=&#8220;1\/4&#8243; css=&#8220;.vc_custom_1595940589899{margin-top: 5px !important;margin-right: 5px !important;margin-bottom: 5px !important;margin-left: 5px !important;background-color: #1b3b6f !important;}&#8220;][vc_column_text]<\/p>\n<h2>Mietzinsreduktion<small>Musterbrief an den Vermieter betreffend einer Mietzinsreduktion.<\/small><\/h2>\n<p>[\/vc_column_text][vc_btn title=&#8220;Brief senden&#8220;][\/vc_column][vc_column width=&#8220;1\/4&#8243; css=&#8220;.vc_custom_1595940611656{margin-top: 5px !important;margin-right: 5px !important;margin-bottom: 5px !important;margin-left: 5px !important;background-color: #065a82 !important;}&#8220;][vc_column_text]<\/p>\n<h2>K\u00fcndigung Fitnessabo<small>K\u00fcndigung ans Fitnessstudio betreffend eines Fitnessabo.<\/small><\/h2>\n<p>[\/vc_column_text][vc_btn title=&#8220;Brief senden&#8220;][\/vc_column][vc_column width=&#8220;1\/4&#8243; css=&#8220;.vc_custom_1595940628589{margin-top: 5px !important;margin-right: 5px !important;margin-bottom: 5px !important;margin-left: 5px !important;background-color: #1c7293 !important;}&#8220;][vc_column_text]<\/p>\n<h2>Entsperren von Kreditkarte<small>Musterbrief zum entsperren der Kreditkarte.<\/small><\/h2>\n<p>[\/vc_column_text][vc_btn title=&#8220;Brief senden&#8220;][\/vc_column][vc_column width=&#8220;1\/4&#8243; css=&#8220;.vc_custom_1595940634727{margin-top: 5px !important;margin-right: 5px !important;margin-bottom: 5px !important;margin-left: 5px !important;background-color: #9eb3c2 !important;}&#8220;][vc_column_text]<\/p>\n<h2>L\u00f6schung des Betreibungseintrags<small>Musterbrief an einen Gl\u00e4ubiger betreffend L\u00f6schung eines Betreibungseintrags beim Betreibungsamt.<\/small><\/h2>\n<p>[\/vc_column_text][vc_btn title=&#8220;Brief senden&#8220;][\/vc_column][\/vc_row]<\/p>\n","protected":false},"excerpt":{"rendered":"<p>[vc_row full_width=&#8220;stretch_row&#8220; content_placement=&#8220;bottom&#8220; css=&#8220;.vc_custom_1595940999717{background-image: url(https:\/\/deinepost.ch\/wp-content\/uploads\/2020\/07\/mailbox-1819966_1920.jpg?id=45) !important;background-position: center !important;background-repeat: no-repeat !important;background-size: cover !important;}&#8220;][vc_column][vc_empty_space height=&#8220;150px&#8220;][\/vc_column][\/vc_row][vc_row][vc_column][vc_column_text] Wir machen Brief senden einfach ab 29.90 CHFWir \u00fcbernehmen die Kosten f\u00fcr Papier, Ausdruck, Couvert, eingeschriebene Post sowie Logistik. [\/vc_column_text][\/vc_column][\/vc_row][vc_row][vc_column][vc_masonry_grid post_type=&#8220;musterbriefe&#8220; max_items=&#8220;-1&#8243; show_filter=&#8220;yes&#8220; element_width=&#8220;3&#8243; gap=&#8220;5&#8243; filter_style=&#8220;filled&#8220; filter_color=&#8220;green&#8220; item=&#8220;146&#8243; grid_id=&#8220;vc_gid:1595951818585-9084372c-252f-6&#8243; filter_source=&#8220;musterbriefe-kategorien&#8220;][\/vc_column][\/vc_row][vc_row equal_height=&#8220;yes&#8220; el_class=&#8220;product-list&#8220;][vc_column width=&#8220;1\/4&#8243; css=&#8220;.vc_custom_1595940589899{margin-top: 5px !important;margin-right: 5px !important;margin-bottom: 5px !important;margin-left: 5px !important;background-color: [&hellip;]<\/p>\n","protected":false},"author":1,"featured_media":0,"parent":0,"menu_order":0,"comment_status":"closed","ping_status":"closed","template":"","meta":[],"_links":{"self":[{"href":"https:\/\/www.deinepost.ch\/index.php?rest_route=\/wp\/v2\/pages\/18"}],"collection":[{"href":"https:\/\/www.deinepost.ch\/index.php?rest_route=\/wp\/v2\/pages"}],"about":[{"href":"https:\/\/www.deinepost.ch\/index.php?rest_route=\/wp\/v2\/types\/page"}],"author":[{"embeddable":true,"href":"https:\/\/www.deinepost.ch\/index.php?rest_route=\/wp\/v2\/users\/1"}],"replies":[{"embeddable":true,"href":"https:\/\/www.deinepost.ch\/index.php?rest_route=%2Fwp%2Fv2%2Fcomments&post=18"}],"version-history":[{"count":56,"href":"https:\/\/www.deinepost.ch\/index.php?rest_route=\/wp\/v2\/pages\/18\/revisions"}],"predecessor-version":[{"id":239,"href":"https:\/\/www.deinepost.ch\/index.php?rest_route=\/wp\/v2\/pages\/18\/revisions\/239"}],"wp:attachment":[{"href":"https:\/\/www.deinepost.ch\/index.php?rest_route=%2Fwp%2Fv2%2Fmedia&parent=18"}],"curies":[{"name":"wp","href":"https:\/\/api.w.org\/{rel}","templated":true}]}}